{"id":8,"date":"2020-03-27T03:03:26","date_gmt":"2020-03-27T03:03:26","guid":{"rendered":"https:\/\/www.loftocean.com\/demo-data\/tinysalt\/?page_id=8"},"modified":"2021-11-29T16:05:26","modified_gmt":"2021-11-29T15:05:26","slug":"about-me-2","status":"publish","type":"page","link":"https:\/\/lacuisinedecesar.fr\/index.php\/about-me-2\/","title":{"rendered":"A propos"},"content":{"rendered":"\n<p class=\"has-drop-cap\">Bienvenue dans mon univers ! Je suis C\u00e9sar , amateur de gastronomie, cet art qui n&rsquo;a pour limite que la cr\u00e9ativit\u00e9 de ses acteurs.<\/p>\n\n\n\n<p>Je prends beaucoup de plaisir \u00e0 penser une cuisine qui se veut cr\u00e9ative, saine et respectueuse de l\u2019environnement en utilisant au maximum des produits locaux et de saison. Ma cuisine est v\u00e9g\u00e9tarienne, color\u00e9e et savoureuse faisant de chaque plat est un vecteur de plaisir.<\/p>\n\n\n\n<figure class=\"wp-block-gallery columns-3 is-cropped wp-block-gallery-1 is-layout-flex wp-block-gallery-is-layout-flex\"><ul class=\"blocks-gallery-grid\"><li class=\"blocks-gallery-item\"><figure><img decoding=\"async\" width=\"1024\" height=\"1024\" src=\"http:\/\/lacuisinedecesar.fr\/wp-content\/uploads\/2021\/11\/IMG_4546-1024x1024.jpg\" alt=\"\" data-id=\"667\" data-link=\"http:\/\/lacuisinedecesar.fr\/index.php\/about-me-2\/img_4546\/\" class=\"wp-image-667\" srcset=\"https:\/\/lacuisinedecesar.fr\/wp-content\/uploads\/2021\/11\/IMG_4546-1024x1024.jpg 1024w, https:\/\/lacuisinedecesar.fr\/wp-content\/uploads\/2021\/11\/IMG_4546-300x300.jpg 300w, https:\/\/lacuisinedecesar.fr\/wp-content\/uploads\/2021\/11\/IMG_4546-150x150.jpg 150w, https:\/\/lacuisinedecesar.fr\/wp-content\/uploads\/2021\/11\/IMG_4546-768x768.jpg 768w, https:\/\/lacuisinedecesar.fr\/wp-content\/uploads\/2021\/11\/IMG_4546-1536x1536.jpg 1536w, https:\/\/lacuisinedecesar.fr\/wp-content\/uploads\/2021\/11\/IMG_4546.jpg 2048w, https:\/\/lacuisinedecesar.fr\/wp-content\/uploads\/2021\/11\/IMG_4546-500x500.jpg 500w, https:\/\/lacuisinedecesar.fr\/wp-content\/uploads\/2021\/11\/IMG_4546-1920x1920.jpg 1920w, https:\/\/lacuisinedecesar.fr\/wp-content\/uploads\/2021\/11\/IMG_4546-1440x1440.jpg 1440w, https:\/\/lacuisinedecesar.fr\/wp-content\/uploads\/2021\/11\/IMG_4546-1200x1200.jpg 1200w, https:\/\/lacuisinedecesar.fr\/wp-content\/uploads\/2021\/11\/IMG_4546-780x780.jpg 780w, https:\/\/lacuisinedecesar.fr\/wp-content\/uploads\/2021\/11\/IMG_4546-600x600.jpg 600w, https:\/\/lacuisinedecesar.fr\/wp-content\/uploads\/2021\/11\/IMG_4546-550x550.jpg 550w, https:\/\/lacuisinedecesar.fr\/wp-content\/uploads\/2021\/11\/IMG_4546-370x370.jpg 370w, https:\/\/lacuisinedecesar.fr\/wp-content\/uploads\/2021\/11\/IMG_4546-255x255.jpg 255w, https:\/\/lacuisinedecesar.fr\/wp-content\/uploads\/2021\/11\/IMG_4546-100x100.jpg 100w\" sizes=\"(max-width: 1024px) 100vw, 1024px\" \/><\/figure><\/li><li class=\"blocks-gallery-item\"><figure><img decoding=\"async\" width=\"1024\" height=\"1024\" src=\"http:\/\/lacuisinedecesar.fr\/wp-content\/uploads\/2021\/11\/IMG_3860-1-1024x1024.jpg\" alt=\"\" data-id=\"668\" data-link=\"http:\/\/lacuisinedecesar.fr\/index.php\/about-me-2\/img_3860-1\/\" class=\"wp-image-668\" srcset=\"https:\/\/lacuisinedecesar.fr\/wp-content\/uploads\/2021\/11\/IMG_3860-1-1024x1024.jpg 1024w, https:\/\/lacuisinedecesar.fr\/wp-content\/uploads\/2021\/11\/IMG_3860-1-300x300.jpg 300w, https:\/\/lacuisinedecesar.fr\/wp-content\/uploads\/2021\/11\/IMG_3860-1-150x150.jpg 150w, https:\/\/lacuisinedecesar.fr\/wp-content\/uploads\/2021\/11\/IMG_3860-1-768x768.jpg 768w, https:\/\/lacuisinedecesar.fr\/wp-content\/uploads\/2021\/11\/IMG_3860-1-1536x1536.jpg 1536w, https:\/\/lacuisinedecesar.fr\/wp-content\/uploads\/2021\/11\/IMG_3860-1-2048x2048.jpg 2048w, https:\/\/lacuisinedecesar.fr\/wp-content\/uploads\/2021\/11\/IMG_3860-1-500x500.jpg 500w, https:\/\/lacuisinedecesar.fr\/wp-content\/uploads\/2021\/11\/IMG_3860-1-1920x1920.jpg 1920w, https:\/\/lacuisinedecesar.fr\/wp-content\/uploads\/2021\/11\/IMG_3860-1-1440x1440.jpg 1440w, https:\/\/lacuisinedecesar.fr\/wp-content\/uploads\/2021\/11\/IMG_3860-1-1200x1200.jpg 1200w, https:\/\/lacuisinedecesar.fr\/wp-content\/uploads\/2021\/11\/IMG_3860-1-780x780.jpg 780w, https:\/\/lacuisinedecesar.fr\/wp-content\/uploads\/2021\/11\/IMG_3860-1-600x600.jpg 600w, https:\/\/lacuisinedecesar.fr\/wp-content\/uploads\/2021\/11\/IMG_3860-1-550x550.jpg 550w, https:\/\/lacuisinedecesar.fr\/wp-content\/uploads\/2021\/11\/IMG_3860-1-370x370.jpg 370w, https:\/\/lacuisinedecesar.fr\/wp-content\/uploads\/2021\/11\/IMG_3860-1-255x255.jpg 255w, https:\/\/lacuisinedecesar.fr\/wp-content\/uploads\/2021\/11\/IMG_3860-1-100x100.jpg 100w\" sizes=\"(max-width: 1024px) 100vw, 1024px\" \/><\/figure><\/li><li class=\"blocks-gallery-item\"><figure><img decoding=\"async\" width=\"1024\" height=\"1024\" src=\"http:\/\/lacuisinedecesar.fr\/wp-content\/uploads\/2021\/11\/IMG_4126-2-1024x1024.jpg\" alt=\"\" data-id=\"669\" data-link=\"http:\/\/lacuisinedecesar.fr\/index.php\/about-me-2\/img_4126-2-2\/\" class=\"wp-image-669\" srcset=\"https:\/\/lacuisinedecesar.fr\/wp-content\/uploads\/2021\/11\/IMG_4126-2-1024x1024.jpg 1024w, https:\/\/lacuisinedecesar.fr\/wp-content\/uploads\/2021\/11\/IMG_4126-2-300x300.jpg 300w, https:\/\/lacuisinedecesar.fr\/wp-content\/uploads\/2021\/11\/IMG_4126-2-150x150.jpg 150w, https:\/\/lacuisinedecesar.fr\/wp-content\/uploads\/2021\/11\/IMG_4126-2-768x768.jpg 768w, https:\/\/lacuisinedecesar.fr\/wp-content\/uploads\/2021\/11\/IMG_4126-2-1536x1536.jpg 1536w, https:\/\/lacuisinedecesar.fr\/wp-content\/uploads\/2021\/11\/IMG_4126-2.jpg 2048w, https:\/\/lacuisinedecesar.fr\/wp-content\/uploads\/2021\/11\/IMG_4126-2-500x500.jpg 500w, https:\/\/lacuisinedecesar.fr\/wp-content\/uploads\/2021\/11\/IMG_4126-2-1920x1920.jpg 1920w, https:\/\/lacuisinedecesar.fr\/wp-content\/uploads\/2021\/11\/IMG_4126-2-1440x1440.jpg 1440w, https:\/\/lacuisinedecesar.fr\/wp-content\/uploads\/2021\/11\/IMG_4126-2-1200x1200.jpg 1200w, https:\/\/lacuisinedecesar.fr\/wp-content\/uploads\/2021\/11\/IMG_4126-2-780x780.jpg 780w, https:\/\/lacuisinedecesar.fr\/wp-content\/uploads\/2021\/11\/IMG_4126-2-600x600.jpg 600w, https:\/\/lacuisinedecesar.fr\/wp-content\/uploads\/2021\/11\/IMG_4126-2-550x550.jpg 550w, https:\/\/lacuisinedecesar.fr\/wp-content\/uploads\/2021\/11\/IMG_4126-2-370x370.jpg 370w, https:\/\/lacuisinedecesar.fr\/wp-content\/uploads\/2021\/11\/IMG_4126-2-255x255.jpg 255w, https:\/\/lacuisinedecesar.fr\/wp-content\/uploads\/2021\/11\/IMG_4126-2-100x100.jpg 100w\" sizes=\"(max-width: 1024px) 100vw, 1024px\" \/><\/figure><\/li><li class=\"blocks-gallery-item\"><figure><img decoding=\"async\" width=\"1024\" height=\"1024\" src=\"http:\/\/lacuisinedecesar.fr\/wp-content\/uploads\/2021\/11\/IMG_4342-2-1024x1024.jpg\" alt=\"\" data-id=\"670\" data-link=\"http:\/\/lacuisinedecesar.fr\/index.php\/about-me-2\/img_4342-2\/\" class=\"wp-image-670\" srcset=\"https:\/\/lacuisinedecesar.fr\/wp-content\/uploads\/2021\/11\/IMG_4342-2-1024x1024.jpg 1024w, https:\/\/lacuisinedecesar.fr\/wp-content\/uploads\/2021\/11\/IMG_4342-2-300x300.jpg 300w, https:\/\/lacuisinedecesar.fr\/wp-content\/uploads\/2021\/11\/IMG_4342-2-150x150.jpg 150w, https:\/\/lacuisinedecesar.fr\/wp-content\/uploads\/2021\/11\/IMG_4342-2-768x768.jpg 768w, https:\/\/lacuisinedecesar.fr\/wp-content\/uploads\/2021\/11\/IMG_4342-2-1536x1536.jpg 1536w, https:\/\/lacuisinedecesar.fr\/wp-content\/uploads\/2021\/11\/IMG_4342-2.jpg 2048w, https:\/\/lacuisinedecesar.fr\/wp-content\/uploads\/2021\/11\/IMG_4342-2-500x500.jpg 500w, https:\/\/lacuisinedecesar.fr\/wp-content\/uploads\/2021\/11\/IMG_4342-2-1920x1920.jpg 1920w, https:\/\/lacuisinedecesar.fr\/wp-content\/uploads\/2021\/11\/IMG_4342-2-1440x1440.jpg 1440w, https:\/\/lacuisinedecesar.fr\/wp-content\/uploads\/2021\/11\/IMG_4342-2-1200x1200.jpg 1200w, https:\/\/lacuisinedecesar.fr\/wp-content\/uploads\/2021\/11\/IMG_4342-2-780x780.jpg 780w, https:\/\/lacuisinedecesar.fr\/wp-content\/uploads\/2021\/11\/IMG_4342-2-600x600.jpg 600w, https:\/\/lacuisinedecesar.fr\/wp-content\/uploads\/2021\/11\/IMG_4342-2-550x550.jpg 550w, https:\/\/lacuisinedecesar.fr\/wp-content\/uploads\/2021\/11\/IMG_4342-2-370x370.jpg 370w, https:\/\/lacuisinedecesar.fr\/wp-content\/uploads\/2021\/11\/IMG_4342-2-255x255.jpg 255w, https:\/\/lacuisinedecesar.fr\/wp-content\/uploads\/2021\/11\/IMG_4342-2-100x100.jpg 100w\" sizes=\"(max-width: 1024px) 100vw, 1024px\" \/><\/figure><\/li><li class=\"blocks-gallery-item\"><figure><img decoding=\"async\" width=\"1024\" height=\"1024\" src=\"http:\/\/lacuisinedecesar.fr\/wp-content\/uploads\/2021\/11\/IMG_3824-1024x1024.jpg\" alt=\"\" data-id=\"680\" data-full-url=\"http:\/\/lacuisinedecesar.fr\/wp-content\/uploads\/2021\/11\/IMG_3824-scaled.jpg\" data-link=\"http:\/\/lacuisinedecesar.fr\/index.php\/about-me-2\/img_3824\/\" class=\"wp-image-680\" srcset=\"https:\/\/lacuisinedecesar.fr\/wp-content\/uploads\/2021\/11\/IMG_3824-1024x1024.jpg 1024w, https:\/\/lacuisinedecesar.fr\/wp-content\/uploads\/2021\/11\/IMG_3824-300x300.jpg 300w, https:\/\/lacuisinedecesar.fr\/wp-content\/uploads\/2021\/11\/IMG_3824-150x150.jpg 150w, https:\/\/lacuisinedecesar.fr\/wp-content\/uploads\/2021\/11\/IMG_3824-768x768.jpg 768w, https:\/\/lacuisinedecesar.fr\/wp-content\/uploads\/2021\/11\/IMG_3824-1536x1536.jpg 1536w, https:\/\/lacuisinedecesar.fr\/wp-content\/uploads\/2021\/11\/IMG_3824-2048x2048.jpg 2048w, https:\/\/lacuisinedecesar.fr\/wp-content\/uploads\/2021\/11\/IMG_3824-500x500.jpg 500w, https:\/\/lacuisinedecesar.fr\/wp-content\/uploads\/2021\/11\/IMG_3824-1920x1920.jpg 1920w, https:\/\/lacuisinedecesar.fr\/wp-content\/uploads\/2021\/11\/IMG_3824-1440x1440.jpg 1440w, https:\/\/lacuisinedecesar.fr\/wp-content\/uploads\/2021\/11\/IMG_3824-1200x1200.jpg 1200w, https:\/\/lacuisinedecesar.fr\/wp-content\/uploads\/2021\/11\/IMG_3824-780x780.jpg 780w, https:\/\/lacuisinedecesar.fr\/wp-content\/uploads\/2021\/11\/IMG_3824-600x600.jpg 600w, https:\/\/lacuisinedecesar.fr\/wp-content\/uploads\/2021\/11\/IMG_3824-550x550.jpg 550w, https:\/\/lacuisinedecesar.fr\/wp-content\/uploads\/2021\/11\/IMG_3824-370x370.jpg 370w, https:\/\/lacuisinedecesar.fr\/wp-content\/uploads\/2021\/11\/IMG_3824-255x255.jpg 255w, https:\/\/lacuisinedecesar.fr\/wp-content\/uploads\/2021\/11\/IMG_3824-100x100.jpg 100w\" sizes=\"(max-width: 1024px) 100vw, 1024px\" \/><\/figure><\/li><li class=\"blocks-gallery-item\"><figure><img decoding=\"async\" width=\"1024\" height=\"1024\" src=\"http:\/\/lacuisinedecesar.fr\/wp-content\/uploads\/2021\/11\/IMG_4024-2-1024x1024.jpg\" alt=\"\" data-id=\"678\" data-full-url=\"http:\/\/lacuisinedecesar.fr\/wp-content\/uploads\/2021\/11\/IMG_4024-2.jpg\" data-link=\"http:\/\/lacuisinedecesar.fr\/index.php\/about-me-2\/img_4024-2-2\/\" class=\"wp-image-678\" srcset=\"https:\/\/lacuisinedecesar.fr\/wp-content\/uploads\/2021\/11\/IMG_4024-2-1024x1024.jpg 1024w, https:\/\/lacuisinedecesar.fr\/wp-content\/uploads\/2021\/11\/IMG_4024-2-300x300.jpg 300w, https:\/\/lacuisinedecesar.fr\/wp-content\/uploads\/2021\/11\/IMG_4024-2-150x150.jpg 150w, https:\/\/lacuisinedecesar.fr\/wp-content\/uploads\/2021\/11\/IMG_4024-2-768x768.jpg 768w, https:\/\/lacuisinedecesar.fr\/wp-content\/uploads\/2021\/11\/IMG_4024-2-1536x1536.jpg 1536w, https:\/\/lacuisinedecesar.fr\/wp-content\/uploads\/2021\/11\/IMG_4024-2.jpg 2048w, https:\/\/lacuisinedecesar.fr\/wp-content\/uploads\/2021\/11\/IMG_4024-2-500x500.jpg 500w, https:\/\/lacuisinedecesar.fr\/wp-content\/uploads\/2021\/11\/IMG_4024-2-1920x1920.jpg 1920w, https:\/\/lacuisinedecesar.fr\/wp-content\/uploads\/2021\/11\/IMG_4024-2-1440x1440.jpg 1440w, https:\/\/lacuisinedecesar.fr\/wp-content\/uploads\/2021\/11\/IMG_4024-2-1200x1200.jpg 1200w, https:\/\/lacuisinedecesar.fr\/wp-content\/uploads\/2021\/11\/IMG_4024-2-780x780.jpg 780w, https:\/\/lacuisinedecesar.fr\/wp-content\/uploads\/2021\/11\/IMG_4024-2-600x600.jpg 600w, https:\/\/lacuisinedecesar.fr\/wp-content\/uploads\/2021\/11\/IMG_4024-2-550x550.jpg 550w, https:\/\/lacuisinedecesar.fr\/wp-content\/uploads\/2021\/11\/IMG_4024-2-370x370.jpg 370w, https:\/\/lacuisinedecesar.fr\/wp-content\/uploads\/2021\/11\/IMG_4024-2-255x255.jpg 255w, https:\/\/lacuisinedecesar.fr\/wp-content\/uploads\/2021\/11\/IMG_4024-2-100x100.jpg 100w\" sizes=\"(max-width: 1024px) 100vw, 1024px\" \/><\/figure><\/li><\/ul><\/figure>\n\n\n\n<p class=\"has-text-align-center\">\u00ab&nbsp;On n\u2019est heureux que par des go\u00fbts et des passions satisfaites&nbsp;\u00bb<\/p>\n\n\n\n<p class=\"has-text-align-center\"><em>Marquise du Ch\u00e2telet.<\/em><\/p>\n\n\n\n<p>Install\u00e9 aux portes du Grand-duch\u00e9 de Luxembourg depuis bient\u00f4t 5 ans, c&rsquo;est ici que je m\u2019\u00e9panouis pleinement \u00e0 travers la cuisine.  C&rsquo;est le cadre de vie idyllique du beau village de Rodemack, la proximit\u00e9 avec les producteurs de fruits et l\u00e9gumes biologiques de Moselle et la m\u00e9t\u00e9o locale qui pousse \u00e0 profiter de son int\u00e9rieur qui m&rsquo;ont permis de trouver ma passion. Jusque la j&rsquo;enviais les artistes pour leur cr\u00e9ativit\u00e9, leur \u00e9nergie tout droit tir\u00e9e de leur activit\u00e9 et leur regard non conventionnel sur les choses qui nous entourent. <\/p>\n\n\n\n<p>A force de curiosit\u00e9, je me suis rendu compte que la cuisine \u00e9tait un magnifique moyen de d\u00e9velopper sa cr\u00e9ativit\u00e9. Manger est vital, nous avons pour coutume de se nourrir  plusieurs fois par jour, je souhaite que chaque personne allie l&rsquo;envie \u00e0 ce besoin. Manger, d\u00e9guster fait appelle \u00e0 nos 5 sens, c&rsquo;est pourquoi mon objectif est de transmettre des \u00e9motions, des convictions mais avant tout du plaisir \u00e0 travers cet art qu&rsquo;est la gastronomie. Les go\u00fbts et les couleurs ne discutent pas, ils se partagent.<\/p>\n\n\n\n\n\n\n\n<p>C\u00e9sar<\/p>\n","protected":false},"excerpt":{"rendered":"<p>Bienvenue dans mon univers ! Je suis C\u00e9sar , amateur de gastronomie, cet art qui n&rsquo;a pour limite que la cr\u00e9ativit\u00e9 de ses acteurs. Je prends beaucoup de plaisir \u00e0 penser une cuisine qui se veut cr\u00e9ative, saine et respectueuse de l\u2019environnement en utilisant au maximum des produits locaux et de saison. Ma cuisine est &#8230;<\/p>\n","protected":false},"author":2,"featured_media":686,"parent":0,"menu_order":0,"comment_status":"closed","ping_status":"closed","template":"","meta":{"om_disable_all_campaigns":false,"wprm-recipe-roundup-name":"","wprm-recipe-roundup-description":"","_monsterinsights_skip_tracking":false,"_monsterinsights_sitenote_active":false,"_monsterinsights_sitenote_note":"","_monsterinsights_sitenote_category":0,"_uf_show_specific_survey":0,"_uf_disable_surveys":false,"tinysalt_hide_before_page_content_ad":"","tinysalt_hide_after_page_content_ad":"","tinysalt_hide_page_header":"","tinysalt_advanced_classname":"","tinysalt_page_featured_media_position":"","tinysalt_single_site_header_source":"","tinysalt_single_custom_site_header":"0","tinysalt_single_custom_sticky_site_header":"0","tinysalt_single_custom_sticky_site_header_style":"sticky-scroll-up","tinysalt_single_site_footer_source":"","tinysalt_single_custom_site_footer":"0","footnotes":""},"aioseo_notices":[],"_links":{"self":[{"href":"https:\/\/lacuisinedecesar.fr\/index.php\/wp-json\/wp\/v2\/pages\/8"}],"collection":[{"href":"https:\/\/lacuisinedecesar.fr\/index.php\/wp-json\/wp\/v2\/pages"}],"about":[{"href":"https:\/\/lacuisinedecesar.fr\/index.php\/wp-json\/wp\/v2\/types\/page"}],"author":[{"embeddable":true,"href":"https:\/\/lacuisinedecesar.fr\/index.php\/wp-json\/wp\/v2\/users\/2"}],"replies":[{"embeddable":true,"href":"https:\/\/lacuisinedecesar.fr\/index.php\/wp-json\/wp\/v2\/comments?post=8"}],"version-history":[{"count":15,"href":"https:\/\/lacuisinedecesar.fr\/index.php\/wp-json\/wp\/v2\/pages\/8\/revisions"}],"predecessor-version":[{"id":682,"href":"https:\/\/lacuisinedecesar.fr\/index.php\/wp-json\/wp\/v2\/pages\/8\/revisions\/682"}],"wp:featuredmedia":[{"embeddable":true,"href":"https:\/\/lacuisinedecesar.fr\/index.php\/wp-json\/wp\/v2\/media\/686"}],"wp:attachment":[{"href":"https:\/\/lacuisinedecesar.fr\/index.php\/wp-json\/wp\/v2\/media?parent=8"}],"curies":[{"name":"wp","href":"https:\/\/api.w.org\/{rel}","templated":true}]}}