{"id":10,"date":"2020-03-27T03:04:55","date_gmt":"2020-03-27T03:04:55","guid":{"rendered":"https:\/\/www.loftocean.com\/demo-data\/tinysalt\/?page_id=10"},"modified":"2021-11-29T15:45:45","modified_gmt":"2021-11-29T14:45:45","slug":"contact-me","status":"publish","type":"page","link":"https:\/\/lacuisinedecesar.fr\/index.php\/contact-me\/","title":{"rendered":"Contactez Moi"},"content":{"rendered":"\n<p class=\"has-drop-cap\">Une question sur les recettes, les produits ou bien nos points de vente? Une id\u00e9e \u00e0 partager ? Une demande de partenariat professionnelle ? N&rsquo;h\u00e9sitez pas \u00e0 me contacter via l&rsquo;adresse ci-dessous, je vous renseignerai avec grand plaisir.<\/p>\n\n\n\n<ul><li><a href=\"mailto:cesar.jaillardon@icloud.com\">cesar.jaillardon@Icloud.com<\/a><\/li><\/ul>\n\n\n\n\n","protected":false},"excerpt":{"rendered":"<p>Une question sur les recettes, les produits ou bien nos points de vente? Une id\u00e9e \u00e0 partager ? Une demande de partenariat professionnelle ? N&rsquo;h\u00e9sitez pas \u00e0 me contacter via l&rsquo;adresse ci-dessous, je vous renseignerai avec grand plaisir. cesar.jaillardon@Icloud.com<\/p>\n","protected":false},"author":2,"featured_media":660,"parent":0,"menu_order":0,"comment_status":"closed","ping_status":"closed","template":"template-4.php","meta":{"om_disable_all_campaigns":false,"wprm-recipe-roundup-name":"","wprm-recipe-roundup-description":"","_monsterinsights_skip_tracking":false,"_monsterinsights_sitenote_active":false,"_monsterinsights_sitenote_note":"","_monsterinsights_sitenote_category":0,"_uf_show_specific_survey":0,"_uf_disable_surveys":false,"tinysalt_hide_before_page_content_ad":"","tinysalt_hide_after_page_content_ad":"","tinysalt_hide_page_header":"","tinysalt_advanced_classname":"","tinysalt_page_featured_media_position":"","tinysalt_single_site_header_source":"","tinysalt_single_custom_site_header":"0","tinysalt_single_custom_sticky_site_header":"0","tinysalt_single_custom_sticky_site_header_style":"sticky-scroll-up","tinysalt_single_site_footer_source":"","tinysalt_single_custom_site_footer":"0","footnotes":""},"aioseo_notices":[],"_links":{"self":[{"href":"https:\/\/lacuisinedecesar.fr\/index.php\/wp-json\/wp\/v2\/pages\/10"}],"collection":[{"href":"https:\/\/lacuisinedecesar.fr\/index.php\/wp-json\/wp\/v2\/pages"}],"about":[{"href":"https:\/\/lacuisinedecesar.fr\/index.php\/wp-json\/wp\/v2\/types\/page"}],"author":[{"embeddable":true,"href":"https:\/\/lacuisinedecesar.fr\/index.php\/wp-json\/wp\/v2\/users\/2"}],"replies":[{"embeddable":true,"href":"https:\/\/lacuisinedecesar.fr\/index.php\/wp-json\/wp\/v2\/comments?post=10"}],"version-history":[{"count":5,"href":"https:\/\/lacuisinedecesar.fr\/index.php\/wp-json\/wp\/v2\/pages\/10\/revisions"}],"predecessor-version":[{"id":663,"href":"https:\/\/lacuisinedecesar.fr\/index.php\/wp-json\/wp\/v2\/pages\/10\/revisions\/663"}],"wp:featuredmedia":[{"embeddable":true,"href":"https:\/\/lacuisinedecesar.fr\/index.php\/wp-json\/wp\/v2\/media\/660"}],"wp:attachment":[{"href":"https:\/\/lacuisinedecesar.fr\/index.php\/wp-json\/wp\/v2\/media?parent=10"}],"curies":[{"name":"wp","href":"https:\/\/api.w.org\/{rel}","templated":true}]}}